{"id":8659,"date":"2020-11-16T12:55:32","date_gmt":"2020-11-16T16:55:32","guid":{"rendered":"https:\/\/webmediard.com\/es\/?page_id=8659"},"modified":"2020-11-16T13:49:34","modified_gmt":"2020-11-16T17:49:34","slug":"politica-de-cookies","status":"publish","type":"page","link":"https:\/\/webmediard.com\/es\/politica-de-cookies\/","title":{"rendered":"Pol\u00edtica de Cookies"},"content":{"rendered":"\t\t<div data-elementor-type=\"wp-page\" data-elementor-id=\"8659\" class=\"elementor elementor-8659\">\n\t\t\t\t\t\t<section class=\"elementor-section elementor-top-section elementor-element elementor-element-e6ed7fe elementor-section-full_width elementor-section-height-default elementor-section-height-default qodef-parallax-row-no qodef-content-aligment-left qodef-row-grid-no qodef-disabled-bg-image-bellow-no\" data-id=\"e6ed7fe\" data-element_type=\"section\">\n\t\t\t\t\t\t<div class=\"elementor-container elementor-column-gap-default\">\n\t\t\t\t\t<div class=\"elementor-column elementor-col-100 elementor-top-column elementor-element elementor-element-2611a39\" data-id=\"2611a39\" data-element_type=\"column\">\n\t\t\t<div class=\"elementor-widget-wrap elementor-element-populated\">\n\t\t\t\t\t\t<div class=\"elementor-element elementor-element-7b849d7 elementor-widget elementor-widget-heading\" data-id=\"7b849d7\" data-element_type=\"widget\" data-widget_type=\"heading.default\">\n\t\t\t\t<div class=\"elementor-widget-container\">\n\t\t\t<h1 class=\"elementor-heading-title elementor-size-default\">Pol\u00edtica de Cookies<\/h1>\t\t<\/div>\n\t\t\t\t<\/div>\n\t\t\t\t<div class=\"elementor-element elementor-element-c2cbcbf elementor-widget elementor-widget-text-editor\" data-id=\"c2cbcbf\" data-element_type=\"widget\" data-widget_type=\"text-editor.default\">\n\t\t\t\t<div class=\"elementor-widget-container\">\n\t\t\t\t\t\t\tNuestra Pol\u00edtica de Cookies tiene por finalidad informarte de forma clara y completa sobre el funcionamiento y la finalidad de las cookies que se utilizan en la p\u00e1gina web\u00a0<a style=\"color: #9a1b1e; font-weight: 500;\" href=\"http:\/\/www.webmediard.com\/\u00a0es\">www.webmediard.com<\/a>\u00a0 (en adelante, la Plataforma). En caso de que quieras recabar m\u00e1s informaci\u00f3n sobre las cookies, puedes remitir un correo electr\u00f3nico a\u00a0<a style=\"color: #9a1b1e; font-weight: 500;\" href=\"info@webmediard.com\">info@webmediard.com<\/a>.\t\t\t\t\t\t<\/div>\n\t\t\t\t<\/div>\n\t\t\t\t<div class=\"elementor-element elementor-element-b4ccd03 elementor-widget elementor-widget-heading\" data-id=\"b4ccd03\" data-element_type=\"widget\" data-widget_type=\"heading.default\">\n\t\t\t\t<div class=\"elementor-widget-container\">\n\t\t\t<h3 class=\"elementor-heading-title elementor-size-default\">Cookies<\/h3>\t\t<\/div>\n\t\t\t\t<\/div>\n\t\t\t\t<div class=\"elementor-element elementor-element-c17b798 elementor-widget elementor-widget-text-editor\" data-id=\"c17b798\" data-element_type=\"widget\" data-widget_type=\"text-editor.default\">\n\t\t\t\t<div class=\"elementor-widget-container\">\n\t\t\t\t\t\t\t<p>Una cookie es un archivo que se descarga en tu equipo terminal\/dispositivo (ordenador o equipo m\u00f3vil) con la finalidad de almacenar datos que podr\u00e1n ser actualizados y recuperados por la entidad responsable de su instalaci\u00f3n. Nuestra Plataforma utiliza \u00abcookies\u00bb con la finalidad de poder recabar informaci\u00f3n acerca de su funcionamiento y uso de los usuarios.<\/p><p>Nosotros no almacenamos informaci\u00f3n sensible de identificaci\u00f3n personal como tu direcci\u00f3n, contrase\u00f1a, los datos de tu tarjeta de cr\u00e9dito o d\u00e9bito, etc. en las cookies que utilizamos.<\/p>\t\t\t\t\t\t<\/div>\n\t\t\t\t<\/div>\n\t\t\t\t<div class=\"elementor-element elementor-element-02b9b30 elementor-widget elementor-widget-heading\" data-id=\"02b9b30\" data-element_type=\"widget\" data-widget_type=\"heading.default\">\n\t\t\t\t<div class=\"elementor-widget-container\">\n\t\t\t<h3 class=\"elementor-heading-title elementor-size-default\">Finalidad<\/h3>\t\t<\/div>\n\t\t\t\t<\/div>\n\t\t\t\t<div class=\"elementor-element elementor-element-ae57c8a elementor-widget elementor-widget-text-editor\" data-id=\"ae57c8a\" data-element_type=\"widget\" data-widget_type=\"text-editor.default\">\n\t\t\t\t<div class=\"elementor-widget-container\">\n\t\t\t\t\t\t\t<p>Las cookies pueden recabar informaci\u00f3n sobre tus visitas a nuestro Sitio, la frecuencia y duraci\u00f3n de estas, las p\u00e1ginas visionadas y el tiempo que has estado en nuestro Sitio web. Te informamos de que podemos utilizar cookies con la finalidad de:<\/p>\t\t\t\t\t\t<\/div>\n\t\t\t\t<\/div>\n\t\t\t\t<div class=\"elementor-element elementor-element-00c1486 elementor-widget elementor-widget-qodef_icon_list_item\" data-id=\"00c1486\" data-element_type=\"widget\" data-widget_type=\"qodef_icon_list_item.default\">\n\t\t\t\t<div class=\"elementor-widget-container\">\n\t\t\t<div class=\"qodef-icon-list-holder \" >\n\t<div class=\"qodef-il-icon-holder\">\n\t\t<i class=\"qodef-icon-font-awesome fa fa-square \" style=\"font-size: 10px\"><\/i>\t<\/div>\n\t<p class=\"qodef-il-text\" >Identificar problemas para mejorar nuestro sitio.<\/p>\n<\/div>\t\t<\/div>\n\t\t\t\t<\/div>\n\t\t\t\t<div class=\"elementor-element elementor-element-068aa09 elementor-widget elementor-widget-qodef_icon_list_item\" data-id=\"068aa09\" data-element_type=\"widget\" data-widget_type=\"qodef_icon_list_item.default\">\n\t\t\t\t<div class=\"elementor-widget-container\">\n\t\t\t<div class=\"qodef-icon-list-holder \" >\n\t<div class=\"qodef-il-icon-holder\">\n\t\t<i class=\"qodef-icon-font-awesome fa fa-square \" style=\"font-size: 10px\"><\/i>\t<\/div>\n\t<p class=\"qodef-il-text\" >Facilitar tu navegaci\u00f3n en nuestro sitio.<\/p>\n<\/div>\t\t<\/div>\n\t\t\t\t<\/div>\n\t\t\t\t<div class=\"elementor-element elementor-element-dd07c06 elementor-widget elementor-widget-qodef_icon_list_item\" data-id=\"dd07c06\" data-element_type=\"widget\" data-widget_type=\"qodef_icon_list_item.default\">\n\t\t\t\t<div class=\"elementor-widget-container\">\n\t\t\t<div class=\"qodef-icon-list-holder \" >\n\t<div class=\"qodef-il-icon-holder\">\n\t\t<i class=\"qodef-icon-font-awesome fa fa-square \" style=\"font-size: 10px\"><\/i>\t<\/div>\n\t<p class=\"qodef-il-text\" >Proporcionarte una mejor experiencia en su uso.<\/p>\n<\/div>\t\t<\/div>\n\t\t\t\t<\/div>\n\t\t\t\t<div class=\"elementor-element elementor-element-5c367c0 elementor-widget elementor-widget-qodef_icon_list_item\" data-id=\"5c367c0\" data-element_type=\"widget\" data-widget_type=\"qodef_icon_list_item.default\">\n\t\t\t\t<div class=\"elementor-widget-container\">\n\t\t\t<div class=\"qodef-icon-list-holder \" >\n\t<div class=\"qodef-il-icon-holder\">\n\t\t<i class=\"qodef-icon-font-awesome fa fa-square \" style=\"font-size: 10px\"><\/i>\t<\/div>\n\t<p class=\"qodef-il-text\" >Distinguirte de otros usuarios.<\/p>\n<\/div>\t\t<\/div>\n\t\t\t\t<\/div>\n\t\t\t\t<div class=\"elementor-element elementor-element-6f106e8 elementor-widget elementor-widget-text-editor\" data-id=\"6f106e8\" data-element_type=\"widget\" data-widget_type=\"text-editor.default\">\n\t\t\t\t<div class=\"elementor-widget-container\">\n\t\t\t\t\t\t\t<p>Asimismo, solicitamos tu consentimiento para utilizar cookies que nos permitan obtener m\u00e1s informaci\u00f3n acerca de tus preferencias y personalizar nuestra Plataforma para ajustarla a sus intereses.<\/p>\t\t\t\t\t\t<\/div>\n\t\t\t\t<\/div>\n\t\t\t\t<div class=\"elementor-element elementor-element-4e86473 elementor-widget elementor-widget-heading\" data-id=\"4e86473\" data-element_type=\"widget\" data-widget_type=\"heading.default\">\n\t\t\t\t<div class=\"elementor-widget-container\">\n\t\t\t<h3 class=\"elementor-heading-title elementor-size-default\">Clases de Cookies<\/h3>\t\t<\/div>\n\t\t\t\t<\/div>\n\t\t\t\t<div class=\"elementor-element elementor-element-ce6783a elementor-widget elementor-widget-text-editor\" data-id=\"ce6783a\" data-element_type=\"widget\" data-widget_type=\"text-editor.default\">\n\t\t\t\t<div class=\"elementor-widget-container\">\n\t\t\t\t\t\t\t<p>Nuestra Plataforma utiliza cookies propias y de terceros con diferentes finalidades, concretamente:<\/p><p><strong>Cookies propias<\/strong><\/p><p>Son enviadas a tu ordenador y gestionadas exclusivamente por nosotros para el mejor funcionamiento de la Plataforma. Estas cookies permanecen en tu navegador y nos permiten identificarte como usuario recurrente de la Plataforma, controlar la sesi\u00f3n de usuario, recordar la configuraci\u00f3n de las cookies, reconocerte como usuario en caso de realizar tr\u00e1mites de identificaci\u00f3n y personalizar tu contenido para ofrecerte contenidos adecuados a tus preferencias (cookies de personalizaci\u00f3n).<\/p><p><strong>Cookies de terceros<\/strong><\/p><p>Las cookies de terceros son aquellas establecidas por un dominio diferente de nuestra Plataforma. En nuestra Plataforma utilizamos dos tipos de cookies de terceros:<\/p>\t\t\t\t\t\t<\/div>\n\t\t\t\t<\/div>\n\t\t\t\t<div class=\"elementor-element elementor-element-b4f4ebe elementor-widget elementor-widget-qodef_icon_list_item\" data-id=\"b4f4ebe\" data-element_type=\"widget\" data-widget_type=\"qodef_icon_list_item.default\">\n\t\t\t\t<div class=\"elementor-widget-container\">\n\t\t\t<div class=\"qodef-icon-list-holder \" >\n\t<div class=\"qodef-il-icon-holder\">\n\t\t<i class=\"qodef-icon-font-awesome fa fa-square \" style=\"font-size: 10px\"><\/i>\t<\/div>\n\t<p class=\"qodef-il-text\" >Cookies T\u00e9cnicas: Te permiten navegar a trav\u00e9s de la Plataforma y utilizar los servicios en ella disponibles como, por ejemplo, controlar la comunicaci\u00f3n de datos, realizar una compra, almacenar contenidos, personalizar el idioma y la moneda, los tests de comprobaci\u00f3n de formato, compartir contenidos a trav\u00e9s de redes sociales de acuerdo con los intereses del usuario, acelerar la carga de la p\u00e1gina, etc.<\/p>\n<\/div>\t\t<\/div>\n\t\t\t\t<\/div>\n\t\t\t\t<div class=\"elementor-element elementor-element-a448e2f elementor-widget elementor-widget-qodef_icon_list_item\" data-id=\"a448e2f\" data-element_type=\"widget\" data-widget_type=\"qodef_icon_list_item.default\">\n\t\t\t\t<div class=\"elementor-widget-container\">\n\t\t\t<div class=\"qodef-icon-list-holder \" >\n\t<div class=\"qodef-il-icon-holder\">\n\t\t<i class=\"qodef-icon-font-awesome fa fa-square \" style=\"font-size: 10px\"><\/i>\t<\/div>\n\t<p class=\"qodef-il-text\" >Cookies Anal\u00edticas: Utilizamos Google Analytics, una herramienta de an\u00e1lisis web de Google que nos permite informarnos sobre c\u00f3mo interact\u00faan los usuarios de nuestra Plataforma. Asimismo, habilita cookies para saber desde qu\u00e9 p\u00e1gina ha accedido el usuario y las utiliza para recopilar informaci\u00f3n de forma an\u00f3nima y elaborar informes de tendencias de la Plataforma sin identificar a usuarios individuales. Puedes consultar m\u00e1s informaci\u00f3n sobre las cookies de Google Analytics y su funcionamiento en el sitio web de: developers.google.com\/analytics\/devguides\/collection\/analyticsjs\/cookie-usage<\/p>\n<\/div>\t\t<\/div>\n\t\t\t\t<\/div>\n\t\t\t\t<div class=\"elementor-element elementor-element-bfd04d0 elementor-widget elementor-widget-heading\" data-id=\"bfd04d0\" data-element_type=\"widget\" data-widget_type=\"heading.default\">\n\t\t\t\t<div class=\"elementor-widget-container\">\n\t\t\t<h3 class=\"elementor-heading-title elementor-size-default\">Clases de Cookies<\/h3>\t\t<\/div>\n\t\t\t\t<\/div>\n\t\t\t\t<div class=\"elementor-element elementor-element-f1bec81 elementor-widget elementor-widget-text-editor\" data-id=\"f1bec81\" data-element_type=\"widget\" data-widget_type=\"text-editor.default\">\n\t\t\t\t<div class=\"elementor-widget-container\">\n\t\t\t\t\t\t\t<p>Al navegar y continuar en nuestra Plataforma, estar\u00e1s consintiendo el uso de las cookies antes enunciadas en las condiciones contenidas en la presente Pol\u00edtica de Cookies.<\/p><p>Te informamos de que dado que las cookies no son necesarias para el uso de nuestra Plataforma, puedes bloquearlas o deshabilitarlas a trav\u00e9s de la configuraci\u00f3n de tu navegador. Si las bloqueas o deshabilitas podr\u00e1s seguir usando nuestra Plataforma, aunque el uso de algunos de sus servicios podr\u00e1 ser limitado y por tanto tu experiencia en nuestra Plataforma menos satisfactoria.<\/p><p>Si deseas revocar tu consentimiento informado respecto a nuestra pol\u00edtica de cookies, deber\u00e1s eliminarlas en tu dispositivo a trav\u00e9s de la configuraci\u00f3n de tus navegadores de internet. Estos son los enlaces de los distintos navegadores que informan sobre las cookies:<\/p>\t\t\t\t\t\t<\/div>\n\t\t\t\t<\/div>\n\t\t\t\t<div class=\"elementor-element elementor-element-f1cb12b elementor-widget elementor-widget-text-editor\" data-id=\"f1cb12b\" data-element_type=\"widget\" data-widget_type=\"text-editor.default\">\n\t\t\t\t<div class=\"elementor-widget-container\">\n\t\t\t\t\t\t\tFirefox:\u00a0<a style=\"color: #9a1b1e; font-weight: 500;\" href=\"https:\/\/www.mozilla.org\/es-ES\/privacy\/websites\/\">https:\/\/www.mozilla.org\/es-ES\/privacy\/websites \/<\/a>\n<br>\nChrome:\u00a0<a style=\"color: #9a1b1e; font-weight: 500;\" href=\"http:\/\/support.google.com\/chrome\/bin\/answer.py?hl=es&amp;answer=95647\">http:\/\/support.google.com\/chrome\/bin\/answer.py?hl=es&amp;answer=95647<\/a>\n<br>\nExplorer:\u00a0<a style=\"color: #9a1b1e; font-weight: 500;\" href=\"http:\/\/windows.microsoft.com\/es-es\/windows7\/how-to-manage-cookies-in-internet-explorer-9\">http:\/\/windows.microsoft.com\/es-es\/windows7\/how-to-manage-cookies-in-internet-explorer-9<\/a>\n<br>\nSafari:\u00a0<a style=\"color: #9a1b1e; font-weight: 500;\" href=\"http:\/\/support.apple.com\/kb\/ph5042\">http:\/\/support.apple.com\/kb\/ph5042<\/a>\n<br>\nOpera:\u00a0<a style=\"color: #9a1b1e; font-weight: 500;\" href=\"http:\/\/help.opera.com\/Windows\/11.50\/es-ES\/cookies.html\">http:\/\/help.opera.com\/Windows\/11.50\/es-ES\/cookies.html<\/a>\t\t\t\t\t\t<\/div>\n\t\t\t\t<\/div>\n\t\t\t\t<div class=\"elementor-element elementor-element-c76bea1 elementor-widget elementor-widget-text-editor\" data-id=\"c76bea1\" data-element_type=\"widget\" data-widget_type=\"text-editor.default\">\n\t\t\t\t<div class=\"elementor-widget-container\">\n\t\t\t\t\t\t\t<p>Te recomendamos revisar esta pol\u00edtica cada vez que accedas a nuestra Plataforma con el objetivo de estar adecuadamente informado sobre posibles cambios.<\/p>\t\t\t\t\t\t<\/div>\n\t\t\t\t<\/div>\n\t\t\t\t\t<\/div>\n\t\t<\/div>\n\t\t\t\t\t<\/div>\n\t\t<\/section>\n\t\t\t\t<\/div>\n\t\t","protected":false},"excerpt":{"rendered":"<p>Pol\u00edtica de Cookies Nuestra Pol\u00edtica de Cookies tiene por finalidad informarte de forma clara y completa sobre el funcionamiento y [&hellip;]<\/p>\n","protected":false},"author":1,"featured_media":0,"parent":0,"menu_order":0,"comment_status":"closed","ping_status":"closed","template":"","meta":{"footnotes":""},"yoast_head":"<!-- This site is optimized with the Yoast SEO plugin v22.1 - https:\/\/yoast.com\/wordpress\/plugins\/seo\/ -->\n<title>Pol\u00edtica de Cookies - WEBMEDIARD, SRL<\/title>\n<meta name=\"robots\" content=\"index, follow, max-snippet:-1, max-image-preview:large, max-video-preview:-1\" \/>\n<link rel=\"canonical\" href=\"https:\/\/webmediard.com\/es\/politica-de-cookies\/\" \/>\n<meta property=\"og:locale\" content=\"es_ES\" \/>\n<meta property=\"og:type\" content=\"article\" \/>\n<meta property=\"og:title\" content=\"Pol\u00edtica de Cookies - WEBMEDIARD, SRL\" \/>\n<meta property=\"og:description\" content=\"Pol\u00edtica de Cookies Nuestra Pol\u00edtica de Cookies tiene por finalidad informarte de forma clara y completa sobre el funcionamiento y [&hellip;]\" \/>\n<meta property=\"og:url\" content=\"https:\/\/webmediard.com\/es\/politica-de-cookies\/\" \/>\n<meta property=\"og:site_name\" content=\"WEBMEDIARD, SRL\" \/>\n<meta property=\"article:modified_time\" content=\"2020-11-16T17:49:34+00:00\" \/>\n<meta name=\"twitter:card\" content=\"summary_large_image\" \/>\n<meta name=\"twitter:label1\" content=\"Tiempo de lectura\" \/>\n\t<meta name=\"twitter:data1\" content=\"4 minutos\" \/>\n<script type=\"application\/ld+json\" class=\"yoast-schema-graph\">{\"@context\":\"https:\/\/schema.org\",\"@graph\":[{\"@type\":\"WebPage\",\"@id\":\"https:\/\/webmediard.com\/es\/politica-de-cookies\/\",\"url\":\"https:\/\/webmediard.com\/es\/politica-de-cookies\/\",\"name\":\"Pol\u00edtica de Cookies - WEBMEDIARD, SRL\",\"isPartOf\":{\"@id\":\"https:\/\/webmediard.com\/es\/#website\"},\"datePublished\":\"2020-11-16T16:55:32+00:00\",\"dateModified\":\"2020-11-16T17:49:34+00:00\",\"breadcrumb\":{\"@id\":\"https:\/\/webmediard.com\/es\/politica-de-cookies\/#breadcrumb\"},\"inLanguage\":\"es\",\"potentialAction\":[{\"@type\":\"ReadAction\",\"target\":[\"https:\/\/webmediard.com\/es\/politica-de-cookies\/\"]}]},{\"@type\":\"BreadcrumbList\",\"@id\":\"https:\/\/webmediard.com\/es\/politica-de-cookies\/#breadcrumb\",\"itemListElement\":[{\"@type\":\"ListItem\",\"position\":1,\"name\":\"Portada\",\"item\":\"https:\/\/webmediard.com\/es\/\"},{\"@type\":\"ListItem\",\"position\":2,\"name\":\"Pol\u00edtica de Cookies\"}]},{\"@type\":\"WebSite\",\"@id\":\"https:\/\/webmediard.com\/es\/#website\",\"url\":\"https:\/\/webmediard.com\/es\/\",\"name\":\"WEBMEDIARD, SRL\",\"description\":\"Empresa de gesti\u00f3n digital especializada en la creaci\u00f3n y mantenimiento de contenido para Redes Sociales, P\u00e1ginas web, V\u00eddeos corporativos, Marketing Digital y Publicidad en general.\",\"publisher\":{\"@id\":\"https:\/\/webmediard.com\/es\/#organization\"},\"potentialAction\":[{\"@type\":\"SearchAction\",\"target\":{\"@type\":\"EntryPoint\",\"urlTemplate\":\"https:\/\/webmediard.com\/es\/?s={search_term_string}\"},\"query-input\":\"required name=search_term_string\"}],\"inLanguage\":\"es\"},{\"@type\":\"Organization\",\"@id\":\"https:\/\/webmediard.com\/es\/#organization\",\"name\":\"WEBMEDIARD SRL\",\"url\":\"https:\/\/webmediard.com\/es\/\",\"logo\":{\"@type\":\"ImageObject\",\"inLanguage\":\"es\",\"@id\":\"https:\/\/webmediard.com\/es\/#\/schema\/logo\/image\/\",\"url\":\"https:\/\/webmediard.com\/es\/wp-content\/uploads\/2021\/08\/Logo-transparente-pequeno.png\",\"contentUrl\":\"https:\/\/webmediard.com\/es\/wp-content\/uploads\/2021\/08\/Logo-transparente-pequeno.png\",\"width\":250,\"height\":164,\"caption\":\"WEBMEDIARD SRL\"},\"image\":{\"@id\":\"https:\/\/webmediard.com\/es\/#\/schema\/logo\/image\/\"}}]}<\/script>\n<!-- \/ Yoast SEO plugin. -->","yoast_head_json":{"title":"Pol\u00edtica de Cookies - WEBMEDIARD, SRL","robots":{"index":"index","follow":"follow","max-snippet":"max-snippet:-1","max-image-preview":"max-image-preview:large","max-video-preview":"max-video-preview:-1"},"canonical":"https:\/\/webmediard.com\/es\/politica-de-cookies\/","og_locale":"es_ES","og_type":"article","og_title":"Pol\u00edtica de Cookies - WEBMEDIARD, SRL","og_description":"Pol\u00edtica de Cookies Nuestra Pol\u00edtica de Cookies tiene por finalidad informarte de forma clara y completa sobre el funcionamiento y [&hellip;]","og_url":"https:\/\/webmediard.com\/es\/politica-de-cookies\/","og_site_name":"WEBMEDIARD, SRL","article_modified_time":"2020-11-16T17:49:34+00:00","twitter_card":"summary_large_image","twitter_misc":{"Tiempo de lectura":"4 minutos"},"schema":{"@context":"https:\/\/schema.org","@graph":[{"@type":"WebPage","@id":"https:\/\/webmediard.com\/es\/politica-de-cookies\/","url":"https:\/\/webmediard.com\/es\/politica-de-cookies\/","name":"Pol\u00edtica de Cookies - WEBMEDIARD, SRL","isPartOf":{"@id":"https:\/\/webmediard.com\/es\/#website"},"datePublished":"2020-11-16T16:55:32+00:00","dateModified":"2020-11-16T17:49:34+00:00","breadcrumb":{"@id":"https:\/\/webmediard.com\/es\/politica-de-cookies\/#breadcrumb"},"inLanguage":"es","potentialAction":[{"@type":"ReadAction","target":["https:\/\/webmediard.com\/es\/politica-de-cookies\/"]}]},{"@type":"BreadcrumbList","@id":"https:\/\/webmediard.com\/es\/politica-de-cookies\/#breadcrumb","itemListElement":[{"@type":"ListItem","position":1,"name":"Portada","item":"https:\/\/webmediard.com\/es\/"},{"@type":"ListItem","position":2,"name":"Pol\u00edtica de Cookies"}]},{"@type":"WebSite","@id":"https:\/\/webmediard.com\/es\/#website","url":"https:\/\/webmediard.com\/es\/","name":"WEBMEDIARD, SRL","description":"Empresa de gesti\u00f3n digital especializada en la creaci\u00f3n y mantenimiento de contenido para Redes Sociales, P\u00e1ginas web, V\u00eddeos corporativos, Marketing Digital y Publicidad en general.","publisher":{"@id":"https:\/\/webmediard.com\/es\/#organization"},"potentialAction":[{"@type":"SearchAction","target":{"@type":"EntryPoint","urlTemplate":"https:\/\/webmediard.com\/es\/?s={search_term_string}"},"query-input":"required name=search_term_string"}],"inLanguage":"es"},{"@type":"Organization","@id":"https:\/\/webmediard.com\/es\/#organization","name":"WEBMEDIARD SRL","url":"https:\/\/webmediard.com\/es\/","logo":{"@type":"ImageObject","inLanguage":"es","@id":"https:\/\/webmediard.com\/es\/#\/schema\/logo\/image\/","url":"https:\/\/webmediard.com\/es\/wp-content\/uploads\/2021\/08\/Logo-transparente-pequeno.png","contentUrl":"https:\/\/webmediard.com\/es\/wp-content\/uploads\/2021\/08\/Logo-transparente-pequeno.png","width":250,"height":164,"caption":"WEBMEDIARD SRL"},"image":{"@id":"https:\/\/webmediard.com\/es\/#\/schema\/logo\/image\/"}}]}},"_links":{"self":[{"href":"https:\/\/webmediard.com\/es\/wp-json\/wp\/v2\/pages\/8659"}],"collection":[{"href":"https:\/\/webmediard.com\/es\/wp-json\/wp\/v2\/pages"}],"about":[{"href":"https:\/\/webmediard.com\/es\/wp-json\/wp\/v2\/types\/page"}],"author":[{"embeddable":true,"href":"https:\/\/webmediard.com\/es\/wp-json\/wp\/v2\/users\/1"}],"replies":[{"embeddable":true,"href":"https:\/\/webmediard.com\/es\/wp-json\/wp\/v2\/comments?post=8659"}],"version-history":[{"count":118,"href":"https:\/\/webmediard.com\/es\/wp-json\/wp\/v2\/pages\/8659\/revisions"}],"predecessor-version":[{"id":8792,"href":"https:\/\/webmediard.com\/es\/wp-json\/wp\/v2\/pages\/8659\/revisions\/8792"}],"wp:attachment":[{"href":"https:\/\/webmediard.com\/es\/wp-json\/wp\/v2\/media?parent=8659"}],"curies":[{"name":"wp","href":"https:\/\/api.w.org\/{rel}","templated":true}]}}