{"id":1798,"date":"2018-09-20T15:43:51","date_gmt":"2018-09-20T19:43:51","guid":{"rendered":"https:\/\/brunn.qodeinteractive.com\/elementor\/?page_id=1798"},"modified":"2022-08-06T13:18:18","modified_gmt":"2022-08-06T17:18:18","slug":"contactenos","status":"publish","type":"page","link":"https:\/\/webmediard.com\/es\/contactenos\/","title":{"rendered":"Cont\u00e1ctenos"},"content":{"rendered":"\t\t<div data-elementor-type=\"wp-page\" data-elementor-id=\"1798\" class=\"elementor elementor-1798\">\n\t\t\t\t\t\t<section class=\"elementor-section elementor-top-section elementor-element elementor-element-386c864 elementor-section-height-min-height elementor-section-boxed elementor-section-height-default elementor-section-items-middle qodef-parallax-row-no qodef-content-aligment-left qodef-row-grid-no qodef-disabled-bg-image-bellow-no\" data-id=\"386c864\" data-element_type=\"section\" data-settings=\"{&quot;background_background&quot;:&quot;classic&quot;}\">\n\t\t\t\t\t\t\t<div class=\"elementor-background-overlay\"><\/div>\n\t\t\t\t\t\t\t<div class=\"elementor-container elementor-column-gap-default\">\n\t\t\t\t\t<div class=\"elementor-column elementor-col-100 elementor-top-column elementor-element elementor-element-13fbb8f\" data-id=\"13fbb8f\" data-element_type=\"column\">\n\t\t\t<div class=\"elementor-widget-wrap elementor-element-populated\">\n\t\t\t\t\t\t<section class=\"elementor-section elementor-inner-section elementor-element elementor-element-c699504 elementor-section-boxed elementor-section-height-default elementor-section-height-default qodef-parallax-row-no qodef-content-aligment-left qodef-row-grid-no qodef-disabled-bg-image-bellow-no\" data-id=\"c699504\" data-element_type=\"section\">\n\t\t\t\t\t\t<div class=\"elementor-container elementor-column-gap-default\">\n\t\t\t\t\t<div class=\"elementor-column elementor-col-50 elementor-inner-column elementor-element elementor-element-463d748\" data-id=\"463d748\" data-element_type=\"column\">\n\t\t\t<div class=\"elementor-widget-wrap elementor-element-populated\">\n\t\t\t\t\t\t<div class=\"elementor-element elementor-element-ba1a6e7 serv-title elementor-widget elementor-widget-qodef_section_title\" data-id=\"ba1a6e7\" data-element_type=\"widget\" data-widget_type=\"qodef_section_title.default\">\n\t\t\t\t<div class=\"elementor-widget-container\">\n\t\t\t<div class=\"qodef-section-title-holder  qodef-st-standard qodef-st- qodef-st--space \" >\n\t<div class=\"qodef-st-inner\">\n\t\t            <div class=\"qodef-label\" style=\"margin-bottom:10px\">\n                <span class=\"qodef-label-line\" ><\/span>\n                <span class=\"qodef-label-text\" style=\"color:#FFFFFF\">Cont\u00e1ctanos<\/span>\n            <\/div>\n        \t\t\t<h1 class=\"qodef-st-title\" style=\"color: #FFFFFF\">\n\t\t\t\tContacto\t\t\t<\/h1>\n\t\t        \t\t\t<\/div>\n<\/div>\t\t<\/div>\n\t\t\t\t<\/div>\n\t\t\t\t\t<\/div>\n\t\t<\/div>\n\t\t\t\t<div class=\"elementor-column elementor-col-50 elementor-inner-column elementor-element elementor-element-562b935\" data-id=\"562b935\" data-element_type=\"column\">\n\t\t\t<div class=\"elementor-widget-wrap\">\n\t\t\t\t\t\t\t<\/div>\n\t\t<\/div>\n\t\t\t\t\t<\/div>\n\t\t<\/section>\n\t\t\t\t\t<\/div>\n\t\t<\/div>\n\t\t\t\t\t<\/div>\n\t\t<\/section>\n\t\t\t\t<section class=\"elementor-section elementor-top-section elementor-element elementor-element-bccb13a qodef-row-grid-section elementor-section-boxed elementor-section-height-default elementor-section-height-default qodef-parallax-row-no qodef-content-aligment-left qodef-disabled-bg-image-bellow-no\" data-id=\"bccb13a\" data-element_type=\"section\">\n\t\t\t\t\t\t<div class=\"elementor-container elementor-column-gap-no\">\n\t\t\t\t\t<div class=\"elementor-column elementor-col-50 elementor-top-column elementor-element elementor-element-38c535c\" data-id=\"38c535c\" data-element_type=\"column\">\n\t\t\t<div class=\"elementor-widget-wrap elementor-element-populated\">\n\t\t\t\t\t\t<div class=\"elementor-element elementor-element-4aa3506 elementor-widget elementor-widget-qodef_section_title\" data-id=\"4aa3506\" data-element_type=\"widget\" data-widget_type=\"qodef_section_title.default\">\n\t\t\t\t<div class=\"elementor-widget-container\">\n\t\t\t<div class=\"qodef-section-title-holder  qodef-st-standard qodef-st- qodef-st--space \" >\n\t<div class=\"qodef-st-inner\">\n\t\t            <div class=\"qodef-label\" style=\"margin-bottom:9px\">\n                <span class=\"qodef-label-line\" ><\/span>\n                <span class=\"qodef-label-text\" >D\u00e9janos saber tus dudas<\/span>\n            <\/div>\n        \t\t\t<h1 class=\"qodef-st-title\" >\n\t\t\t\tCOMUN\u00cdCATE CON NOSOTROS\t\t\t<\/h1>\n\t\t        \t\t\t\t\t<p class=\"qodef-st-text\" style=\"margin-top: 20px\">\n\t\t\t\tComun\u00edcate con nosotros y responderemos todas tus dudas, preguntas o inquietudes. <br><br>\n\nRecuerda que laboramos de Lunes  a Viernes <br> de 09:00 A.M. a 05:00 P.M.\t\t\t<\/p>\n\t\t\t<\/div>\n<\/div>\t\t<\/div>\n\t\t\t\t<\/div>\n\t\t\t\t<div class=\"elementor-element elementor-element-359bb44 elementor-widget elementor-widget-spacer\" data-id=\"359bb44\" data-element_type=\"widget\" data-widget_type=\"spacer.default\">\n\t\t\t\t<div class=\"elementor-widget-container\">\n\t\t\t\t\t<div class=\"elementor-spacer\">\n\t\t\t<div class=\"elementor-spacer-inner\"><\/div>\n\t\t<\/div>\n\t\t\t\t<\/div>\n\t\t\t\t<\/div>\n\t\t\t\t<div class=\"elementor-element elementor-element-64ee598 elementor-widget elementor-widget-qodef_icon_with_text\" data-id=\"64ee598\" data-element_type=\"widget\" data-widget_type=\"qodef_icon_with_text.default\">\n\t\t\t\t<div class=\"elementor-widget-container\">\n\t\t\t<div class=\"qodef-iwt clearfix  qodef-iwt-icon-left qodef-iwt-icon-tiny\">\n\t<div class=\"qodef-iwt-icon\">\n\t\t\t\t\t<a itemprop=\"url\" href=\"https:\/\/www.google.com\/maps\/place\/242+Wythe+Ave+%234,+Brooklyn,+NY+11249,+USA\/@40.717574,-73.9650806,17z\/data=!3m1!4b1!4m5!3m4!1s0x89c259612cd3e331:0x853ed4442e4eee5b!8m2!3d40.717574!4d-73.9628919\" target=\"_self\">\n\t\t\t\t\t\t\t\t\t    <span class=\"qodef-icon-shortcode qodef-normal   qodef-icon-tiny\"  >\n                    <span aria-hidden=\"true\" class=\"qodef-icon-font-elegant icon_pin_alt qodef-icon-element\" style=\"\" ><\/span>            <\/span>\n\t\t\t\t\t\t\t\t<\/a>\n\t\t\t<\/div>\n\t<div class=\"qodef-iwt-content\" >\n\t\t        \t\t\t\t\t<p class=\"qodef-iwt-text\" style=\"margin-top: 0px\">C\/ Brasil No.1, Apart 2A, Cansino Adentro, Sto Dgo Este.<\/p>\n\t\t\t<\/div>\n<\/div>\t\t<\/div>\n\t\t\t\t<\/div>\n\t\t\t\t<div class=\"elementor-element elementor-element-501bec1 elementor-widget elementor-widget-spacer\" data-id=\"501bec1\" data-element_type=\"widget\" data-widget_type=\"spacer.default\">\n\t\t\t\t<div class=\"elementor-widget-container\">\n\t\t\t\t\t<div class=\"elementor-spacer\">\n\t\t\t<div class=\"elementor-spacer-inner\"><\/div>\n\t\t<\/div>\n\t\t\t\t<\/div>\n\t\t\t\t<\/div>\n\t\t\t\t<div class=\"elementor-element elementor-element-136225a elementor-widget elementor-widget-qodef_icon_with_text\" data-id=\"136225a\" data-element_type=\"widget\" data-widget_type=\"qodef_icon_with_text.default\">\n\t\t\t\t<div class=\"elementor-widget-container\">\n\t\t\t<div class=\"qodef-iwt clearfix  qodef-iwt-icon-left qodef-iwt-icon-tiny\">\n\t<div class=\"qodef-iwt-icon\">\n\t\t\t\t\t<a itemprop=\"url\" href=\"tel:%201-090-1197-9528\" target=\"_self\">\n\t\t\t\t\t\t\t\t\t    <span class=\"qodef-icon-shortcode qodef-normal   qodef-icon-tiny\"  >\n                    <span aria-hidden=\"true\" class=\"qodef-icon-font-elegant icon_phone qodef-icon-element\" style=\"\" ><\/span>            <\/span>\n\t\t\t\t\t\t\t\t<\/a>\n\t\t\t<\/div>\n\t<div class=\"qodef-iwt-content\" >\n\t\t        \t\t\t\t\t<p class=\"qodef-iwt-text\" style=\"margin-top: 0px\">(809) 483-4633<\/p>\n\t\t\t<\/div>\n<\/div>\t\t<\/div>\n\t\t\t\t<\/div>\n\t\t\t\t<div class=\"elementor-element elementor-element-6390dea elementor-widget elementor-widget-spacer\" data-id=\"6390dea\" data-element_type=\"widget\" data-widget_type=\"spacer.default\">\n\t\t\t\t<div class=\"elementor-widget-container\">\n\t\t\t\t\t<div class=\"elementor-spacer\">\n\t\t\t<div class=\"elementor-spacer-inner\"><\/div>\n\t\t<\/div>\n\t\t\t\t<\/div>\n\t\t\t\t<\/div>\n\t\t\t\t<div class=\"elementor-element elementor-element-a8a8cf4 elementor-widget elementor-widget-qodef_icon_with_text\" data-id=\"a8a8cf4\" data-element_type=\"widget\" data-widget_type=\"qodef_icon_with_text.default\">\n\t\t\t\t<div class=\"elementor-widget-container\">\n\t\t\t<div class=\"qodef-iwt clearfix  qodef-iwt-icon-left qodef-iwt-icon-tiny\">\n\t<div class=\"qodef-iwt-icon\">\n\t\t\t\t\t<a itemprop=\"url\" href=\"tel:%201-090-1197-9528\" target=\"_self\">\n\t\t\t\t\t\t\t\t\t    <span class=\"qodef-icon-shortcode qodef-normal   qodef-icon-tiny\"  >\n                    <i class=\"qodef-icon-font-awesome fab fa-whatsapp qodef-icon-element\" style=\"\" ><\/i>            <\/span>\n\t\t\t\t\t\t\t\t<\/a>\n\t\t\t<\/div>\n\t<div class=\"qodef-iwt-content\" >\n\t\t        \t\t\t\t\t<p class=\"qodef-iwt-text\" style=\"margin-top: 0px\">(849) 354-4633<\/p>\n\t\t\t<\/div>\n<\/div>\t\t<\/div>\n\t\t\t\t<\/div>\n\t\t\t\t<div class=\"elementor-element elementor-element-63a7e7c elementor-widget elementor-widget-spacer\" data-id=\"63a7e7c\" data-element_type=\"widget\" data-widget_type=\"spacer.default\">\n\t\t\t\t<div class=\"elementor-widget-container\">\n\t\t\t\t\t<div class=\"elementor-spacer\">\n\t\t\t<div class=\"elementor-spacer-inner\"><\/div>\n\t\t<\/div>\n\t\t\t\t<\/div>\n\t\t\t\t<\/div>\n\t\t\t\t<div class=\"elementor-element elementor-element-dd65dce elementor-widget elementor-widget-qodef_icon_with_text\" data-id=\"dd65dce\" data-element_type=\"widget\" data-widget_type=\"qodef_icon_with_text.default\">\n\t\t\t\t<div class=\"elementor-widget-container\">\n\t\t\t<div class=\"qodef-iwt clearfix  qodef-iwt-icon-left qodef-iwt-icon-tiny\">\n\t<div class=\"qodef-iwt-icon\">\n\t\t\t\t\t<a itemprop=\"url\" href=\"mailto:ventas@webmediard.com\" target=\"_self\">\n\t\t\t\t\t\t\t\t\t    <span class=\"qodef-icon-shortcode qodef-normal   qodef-icon-tiny\"  >\n                    <span aria-hidden=\"true\" class=\"qodef-icon-font-elegant icon_mail_alt qodef-icon-element\" style=\"\" ><\/span>            <\/span>\n\t\t\t\t\t\t\t\t<\/a>\n\t\t\t<\/div>\n\t<div class=\"qodef-iwt-content\" >\n\t\t        \t\t\t\t\t<p class=\"qodef-iwt-text\" style=\"margin-top: 0px\">ventas@webmediard.com | info@webmediard.com<\/p>\n\t\t\t<\/div>\n<\/div>\t\t<\/div>\n\t\t\t\t<\/div>\n\t\t\t\t<div class=\"elementor-element elementor-element-48d13b3 elementor-widget elementor-widget-spacer\" data-id=\"48d13b3\" data-element_type=\"widget\" data-widget_type=\"spacer.default\">\n\t\t\t\t<div class=\"elementor-widget-container\">\n\t\t\t\t\t<div class=\"elementor-spacer\">\n\t\t\t<div class=\"elementor-spacer-inner\"><\/div>\n\t\t<\/div>\n\t\t\t\t<\/div>\n\t\t\t\t<\/div>\n\t\t\t\t\t<\/div>\n\t\t<\/div>\n\t\t\t\t<div class=\"elementor-column elementor-col-50 elementor-top-column elementor-element elementor-element-88e5e2f\" data-id=\"88e5e2f\" data-element_type=\"column\">\n\t\t\t<div class=\"elementor-widget-wrap elementor-element-populated\">\n\t\t\t\t\t\t<div class=\"elementor-element elementor-element-b9bade8 elementor-widget elementor-widget-spacer\" data-id=\"b9bade8\" data-element_type=\"widget\" data-widget_type=\"spacer.default\">\n\t\t\t\t<div class=\"elementor-widget-container\">\n\t\t\t\t\t<div class=\"elementor-spacer\">\n\t\t\t<div class=\"elementor-spacer-inner\"><\/div>\n\t\t<\/div>\n\t\t\t\t<\/div>\n\t\t\t\t<\/div>\n\t\t\t\t<div class=\"elementor-element elementor-element-e822dea elementor-widget elementor-widget-qodef_section_title\" data-id=\"e822dea\" data-element_type=\"widget\" data-widget_type=\"qodef_section_title.default\">\n\t\t\t\t<div class=\"elementor-widget-container\">\n\t\t\t<div class=\"qodef-section-title-holder  qodef-st-standard qodef-st- qodef-st--space \" >\n\t<div class=\"qodef-st-inner\">\n\t\t\t\t\t<h2 class=\"qodef-st-title\" >\n\t\t\t\t\u00a1Solicita nuestros servicios!\t\t\t<\/h2>\n\t\t        \t\t\t<\/div>\n<\/div>\t\t<\/div>\n\t\t\t\t<\/div>\n\t\t\t\t<div class=\"elementor-element elementor-element-7bdb74e elementor-widget elementor-widget-spacer\" data-id=\"7bdb74e\" data-element_type=\"widget\" data-widget_type=\"spacer.default\">\n\t\t\t\t<div class=\"elementor-widget-container\">\n\t\t\t\t\t<div class=\"elementor-spacer\">\n\t\t\t<div class=\"elementor-spacer-inner\"><\/div>\n\t\t<\/div>\n\t\t\t\t<\/div>\n\t\t\t\t<\/div>\n\t\t\t\t<div class=\"elementor-element elementor-element-ebb4145 elementor-widget elementor-widget-qodef_cf7\" data-id=\"ebb4145\" data-element_type=\"widget\" data-widget_type=\"qodef_cf7.default\">\n\t\t\t\t<div class=\"elementor-widget-container\">\n\t\t\t    \n<div class=\"wpcf7 no-js\" id=\"wpcf7-f846-o1\" lang=\"en-US\" dir=\"ltr\">\n<div class=\"screen-reader-response\"><p role=\"status\" aria-live=\"polite\" aria-atomic=\"true\"><\/p> <ul><\/ul><\/div>\n<form action=\"\/es\/wp-json\/wp\/v2\/pages\/1798#wpcf7-f846-o1\" method=\"post\" class=\"wpcf7-form init cf7_custom_style_1\" aria-label=\"Contact form\" novalidate=\"novalidate\" data-status=\"init\">\n<div style=\"display: none;\">\n<input type=\"hidden\" name=\"_wpcf7\" value=\"846\" \/>\n<input type=\"hidden\" name=\"_wpcf7_version\" value=\"5.8.7\" \/>\n<input type=\"hidden\" name=\"_wpcf7_locale\" value=\"en_US\" \/>\n<input type=\"hidden\" name=\"_wpcf7_unit_tag\" value=\"wpcf7-f846-o1\" \/>\n<input type=\"hidden\" name=\"_wpcf7_container_post\" value=\"0\" \/>\n<input type=\"hidden\" name=\"_wpcf7_posted_data_hash\" value=\"\" \/>\n<input type=\"hidden\" name=\"_wpcf7_recaptcha_response\" value=\"\" \/>\n<\/div>\n<div class=\"qodef-grid-row qodef-grid-small-gutter\">\n\t<div class=\"qodef-grid-col-12\">\n\t\t<p><span class=\"wpcf7-form-control-wrap\" data-name=\"your-full-name\"><input size=\"40\" class=\"wpcf7-form-control wpcf7-text wpcf7-validates-as-required\" aria-required=\"true\" aria-invalid=\"false\" placeholder=\"Nombre o Empresa\" value=\"\" type=\"text\" name=\"your-full-name\" \/><\/span>\n\t\t<\/p>\n\t<\/div>\n\t<div class=\"qodef-grid-col-12\">\n\t\t<p><span class=\"wpcf7-form-control-wrap\" data-name=\"telefono-247\"><input size=\"40\" class=\"wpcf7-form-control wpcf7-tel wpcf7-validates-as-required wpcf7-text wpcf7-validates-as-tel\" aria-required=\"true\" aria-invalid=\"false\" placeholder=\"Tel\u00e9fono\" value=\"\" type=\"tel\" name=\"telefono-247\" \/><\/span>\n\t\t<\/p>\n\t<\/div>\n<\/div>\n<div class=\"qodef-grid-row qodef-grid-small-gutter\">\n\t<div class=\"qodef-grid-col-12\">\n\t\t<p><span class=\"wpcf7-form-control-wrap\" data-name=\"your-email\"><input size=\"40\" class=\"wpcf7-form-control wpcf7-email wpcf7-validates-as-required wpcf7-text wpcf7-validates-as-email\" aria-required=\"true\" aria-invalid=\"false\" placeholder=\"Correo Electr\u00f3nico\" value=\"\" type=\"email\" name=\"your-email\" \/><\/span>\n\t\t<\/p>\n\t<\/div>\n<\/div>\n<div class=\"qodef-grid-row qodef-grid-small-gutter\">\n\t<div class=\"qodef-grid-col-12\">\n\t\t<p><span class=\"wpcf7-form-control-wrap\" data-name=\"Asunto-840\"><input size=\"40\" class=\"wpcf7-form-control wpcf7-text wpcf7-validates-as-required\" aria-required=\"true\" aria-invalid=\"false\" value=\"Asunto\" type=\"text\" name=\"Asunto-840\" \/><\/span>\n\t\t<\/p>\n\t<\/div>\n<\/div>\n<div class=\"qodef-grid-row qodef-grid-small-gutter\">\n\t<div class=\"qodef-grid-col-12\">\n\t\t<p><span class=\"wpcf7-form-control-wrap\" data-name=\"your-message\"><textarea cols=\"40\" rows=\"10\" class=\"wpcf7-form-control wpcf7-textarea wpcf7-validates-as-required\" aria-required=\"true\" aria-invalid=\"false\" placeholder=\"Mensaje\" name=\"your-message\"><\/textarea><\/span>\n\t\t<\/p>\n\t<\/div>\n<\/div>\n<p><span style=\"display: block; margin-right: -20px; margin-top: 10px; text-align: left\"><button class=\"wpcf7-form-control wpcf7-submit qodef-btn qodef-btn-medium qodef-btn-outline qodef-btn-after\" type=\"submit\"><span class=\"qodef-btn-text\">Enviar Solicitud<\/span><\/button><\/span>\n<\/p><div class=\"wpcf7-response-output\" aria-hidden=\"true\"><\/div>\n<\/form>\n<\/div>\n\t\t<\/div>\n\t\t\t\t<\/div>\n\t\t\t\t\t<\/div>\n\t\t<\/div>\n\t\t\t\t\t<\/div>\n\t\t<\/section>\n\t\t\t\t<section class=\"elementor-section elementor-top-section elementor-element elementor-element-864b88b elementor-section-full_width elementor-section-height-default elementor-section-height-default qodef-parallax-row-no qodef-content-aligment-left qodef-row-grid-no qodef-disabled-bg-image-bellow-no\" data-id=\"864b88b\" data-element_type=\"section\">\n\t\t\t\t\t\t<div class=\"elementor-container elementor-column-gap-no\">\n\t\t\t\t\t<div class=\"elementor-column elementor-col-100 elementor-top-column elementor-element elementor-element-4499234\" data-id=\"4499234\" data-element_type=\"column\">\n\t\t\t<div class=\"elementor-widget-wrap elementor-element-populated\">\n\t\t\t\t\t\t<div class=\"elementor-element elementor-element-05465d2 elementor-widget elementor-widget-google_maps\" data-id=\"05465d2\" data-element_type=\"widget\" data-widget_type=\"google_maps.default\">\n\t\t\t\t<div class=\"elementor-widget-container\">\n\t\t\t\t\t<div class=\"elementor-custom-embed\">\n\t\t\t<iframe loading=\"lazy\"\n\t\t\t\t\tsrc=\"https:\/\/maps.google.com\/maps?q=Webmediard&#038;t=m&#038;z=18&#038;output=embed&#038;iwloc=near\"\n\t\t\t\t\ttitle=\"Webmediard\"\n\t\t\t\t\taria-label=\"Webmediard\"\n\t\t\t><\/iframe>\n\t\t<\/div>\n\t\t\t\t<\/div>\n\t\t\t\t<\/div>\n\t\t\t\t\t<\/div>\n\t\t<\/div>\n\t\t\t\t\t<\/div>\n\t\t<\/section>\n\t\t\t\t<\/div>\n\t\t","protected":false},"excerpt":{"rendered":"<p>Cont\u00e1ctanos Contacto D\u00e9janos saber tus dudas COMUN\u00cdCATE CON NOSOTROS Comun\u00edcate con nosotros y responderemos todas tus dudas, preguntas o inquietudes. [&hellip;]<\/p>\n","protected":false},"author":1,"featured_media":0,"parent":0,"menu_order":0,"comment_status":"closed","ping_status":"closed","template":"elementor_header_footer","meta":{"footnotes":""},"yoast_head":"<!-- This site is optimized with the Yoast SEO plugin v22.1 - https:\/\/yoast.com\/wordpress\/plugins\/seo\/ -->\n<title>Cont\u00e1ctenos - WEBMEDIARD<\/title>\n<meta name=\"description\" content=\"Comun\u00edcate con nosotros y responderemos todas tus dudas, preguntas o inquietudes.\" \/>\n<meta name=\"robots\" content=\"index, follow, max-snippet:-1, max-image-preview:large, max-video-preview:-1\" \/>\n<link rel=\"canonical\" href=\"https:\/\/webmediard.com\/es\/contactenos\/\" \/>\n<meta property=\"og:locale\" content=\"es_ES\" \/>\n<meta property=\"og:type\" content=\"article\" \/>\n<meta property=\"og:title\" content=\"Cont\u00e1ctenos - WEBMEDIARD\" \/>\n<meta property=\"og:description\" content=\"Comun\u00edcate con nosotros y responderemos todas tus dudas, preguntas o inquietudes.\" \/>\n<meta property=\"og:url\" content=\"https:\/\/webmediard.com\/es\/contactenos\/\" \/>\n<meta property=\"og:site_name\" content=\"WEBMEDIARD, SRL\" \/>\n<meta property=\"article:modified_time\" content=\"2022-08-06T17:18:18+00:00\" \/>\n<meta name=\"twitter:card\" content=\"summary_large_image\" \/>\n<meta name=\"twitter:label1\" content=\"Tiempo de lectura\" \/>\n\t<meta name=\"twitter:data1\" content=\"1 minuto\" \/>\n<script type=\"application\/ld+json\" class=\"yoast-schema-graph\">{\"@context\":\"https:\/\/schema.org\",\"@graph\":[{\"@type\":\"WebPage\",\"@id\":\"https:\/\/webmediard.com\/es\/contactenos\/\",\"url\":\"https:\/\/webmediard.com\/es\/contactenos\/\",\"name\":\"Cont\u00e1ctenos - WEBMEDIARD\",\"isPartOf\":{\"@id\":\"https:\/\/webmediard.com\/es\/#website\"},\"datePublished\":\"2018-09-20T19:43:51+00:00\",\"dateModified\":\"2022-08-06T17:18:18+00:00\",\"description\":\"Comun\u00edcate con nosotros y responderemos todas tus dudas, preguntas o inquietudes.\",\"breadcrumb\":{\"@id\":\"https:\/\/webmediard.com\/es\/contactenos\/#breadcrumb\"},\"inLanguage\":\"es\",\"potentialAction\":[{\"@type\":\"ReadAction\",\"target\":[\"https:\/\/webmediard.com\/es\/contactenos\/\"]}]},{\"@type\":\"BreadcrumbList\",\"@id\":\"https:\/\/webmediard.com\/es\/contactenos\/#breadcrumb\",\"itemListElement\":[{\"@type\":\"ListItem\",\"position\":1,\"name\":\"Portada\",\"item\":\"https:\/\/webmediard.com\/es\/\"},{\"@type\":\"ListItem\",\"position\":2,\"name\":\"Cont\u00e1ctenos\"}]},{\"@type\":\"WebSite\",\"@id\":\"https:\/\/webmediard.com\/es\/#website\",\"url\":\"https:\/\/webmediard.com\/es\/\",\"name\":\"WEBMEDIARD, SRL\",\"description\":\"Empresa de gesti\u00f3n digital especializada en la creaci\u00f3n y mantenimiento de contenido para Redes Sociales, P\u00e1ginas web, V\u00eddeos corporativos, Marketing Digital y Publicidad en general.\",\"publisher\":{\"@id\":\"https:\/\/webmediard.com\/es\/#organization\"},\"potentialAction\":[{\"@type\":\"SearchAction\",\"target\":{\"@type\":\"EntryPoint\",\"urlTemplate\":\"https:\/\/webmediard.com\/es\/?s={search_term_string}\"},\"query-input\":\"required name=search_term_string\"}],\"inLanguage\":\"es\"},{\"@type\":\"Organization\",\"@id\":\"https:\/\/webmediard.com\/es\/#organization\",\"name\":\"WEBMEDIARD SRL\",\"url\":\"https:\/\/webmediard.com\/es\/\",\"logo\":{\"@type\":\"ImageObject\",\"inLanguage\":\"es\",\"@id\":\"https:\/\/webmediard.com\/es\/#\/schema\/logo\/image\/\",\"url\":\"https:\/\/webmediard.com\/es\/wp-content\/uploads\/2021\/08\/Logo-transparente-pequeno.png\",\"contentUrl\":\"https:\/\/webmediard.com\/es\/wp-content\/uploads\/2021\/08\/Logo-transparente-pequeno.png\",\"width\":250,\"height\":164,\"caption\":\"WEBMEDIARD SRL\"},\"image\":{\"@id\":\"https:\/\/webmediard.com\/es\/#\/schema\/logo\/image\/\"}}]}<\/script>\n<!-- \/ Yoast SEO plugin. -->","yoast_head_json":{"title":"Cont\u00e1ctenos - WEBMEDIARD","description":"Comun\u00edcate con nosotros y responderemos todas tus dudas, preguntas o inquietudes.","robots":{"index":"index","follow":"follow","max-snippet":"max-snippet:-1","max-image-preview":"max-image-preview:large","max-video-preview":"max-video-preview:-1"},"canonical":"https:\/\/webmediard.com\/es\/contactenos\/","og_locale":"es_ES","og_type":"article","og_title":"Cont\u00e1ctenos - WEBMEDIARD","og_description":"Comun\u00edcate con nosotros y responderemos todas tus dudas, preguntas o inquietudes.","og_url":"https:\/\/webmediard.com\/es\/contactenos\/","og_site_name":"WEBMEDIARD, SRL","article_modified_time":"2022-08-06T17:18:18+00:00","twitter_card":"summary_large_image","twitter_misc":{"Tiempo de lectura":"1 minuto"},"schema":{"@context":"https:\/\/schema.org","@graph":[{"@type":"WebPage","@id":"https:\/\/webmediard.com\/es\/contactenos\/","url":"https:\/\/webmediard.com\/es\/contactenos\/","name":"Cont\u00e1ctenos - WEBMEDIARD","isPartOf":{"@id":"https:\/\/webmediard.com\/es\/#website"},"datePublished":"2018-09-20T19:43:51+00:00","dateModified":"2022-08-06T17:18:18+00:00","description":"Comun\u00edcate con nosotros y responderemos todas tus dudas, preguntas o inquietudes.","breadcrumb":{"@id":"https:\/\/webmediard.com\/es\/contactenos\/#breadcrumb"},"inLanguage":"es","potentialAction":[{"@type":"ReadAction","target":["https:\/\/webmediard.com\/es\/contactenos\/"]}]},{"@type":"BreadcrumbList","@id":"https:\/\/webmediard.com\/es\/contactenos\/#breadcrumb","itemListElement":[{"@type":"ListItem","position":1,"name":"Portada","item":"https:\/\/webmediard.com\/es\/"},{"@type":"ListItem","position":2,"name":"Cont\u00e1ctenos"}]},{"@type":"WebSite","@id":"https:\/\/webmediard.com\/es\/#website","url":"https:\/\/webmediard.com\/es\/","name":"WEBMEDIARD, SRL","description":"Empresa de gesti\u00f3n digital especializada en la creaci\u00f3n y mantenimiento de contenido para Redes Sociales, P\u00e1ginas web, V\u00eddeos corporativos, Marketing Digital y Publicidad en general.","publisher":{"@id":"https:\/\/webmediard.com\/es\/#organization"},"potentialAction":[{"@type":"SearchAction","target":{"@type":"EntryPoint","urlTemplate":"https:\/\/webmediard.com\/es\/?s={search_term_string}"},"query-input":"required name=search_term_string"}],"inLanguage":"es"},{"@type":"Organization","@id":"https:\/\/webmediard.com\/es\/#organization","name":"WEBMEDIARD SRL","url":"https:\/\/webmediard.com\/es\/","logo":{"@type":"ImageObject","inLanguage":"es","@id":"https:\/\/webmediard.com\/es\/#\/schema\/logo\/image\/","url":"https:\/\/webmediard.com\/es\/wp-content\/uploads\/2021\/08\/Logo-transparente-pequeno.png","contentUrl":"https:\/\/webmediard.com\/es\/wp-content\/uploads\/2021\/08\/Logo-transparente-pequeno.png","width":250,"height":164,"caption":"WEBMEDIARD SRL"},"image":{"@id":"https:\/\/webmediard.com\/es\/#\/schema\/logo\/image\/"}}]}},"_links":{"self":[{"href":"https:\/\/webmediard.com\/es\/wp-json\/wp\/v2\/pages\/1798"}],"collection":[{"href":"https:\/\/webmediard.com\/es\/wp-json\/wp\/v2\/pages"}],"about":[{"href":"https:\/\/webmediard.com\/es\/wp-json\/wp\/v2\/types\/page"}],"author":[{"embeddable":true,"href":"https:\/\/webmediard.com\/es\/wp-json\/wp\/v2\/users\/1"}],"replies":[{"embeddable":true,"href":"https:\/\/webmediard.com\/es\/wp-json\/wp\/v2\/comments?post=1798"}],"version-history":[{"count":118,"href":"https:\/\/webmediard.com\/es\/wp-json\/wp\/v2\/pages\/1798\/revisions"}],"predecessor-version":[{"id":17007,"href":"https:\/\/webmediard.com\/es\/wp-json\/wp\/v2\/pages\/1798\/revisions\/17007"}],"wp:attachment":[{"href":"https:\/\/webmediard.com\/es\/wp-json\/wp\/v2\/media?parent=1798"}],"curies":[{"name":"wp","href":"https:\/\/api.w.org\/{rel}","templated":true}]}}